{"id":21,"date":"2012-02-04T10:14:21","date_gmt":"2012-02-04T10:14:21","guid":{"rendered":"http:\/\/fischenich.cdu-huerth.de\/?page_id=21"},"modified":"2024-10-21T16:01:34","modified_gmt":"2024-10-21T14:01:34","slug":"burgerstammtisch","status":"publish","type":"page","link":"https:\/\/fischenich.cdu-huerth.de\/?page_id=21","title":{"rendered":"B\u00fcrgerstammtisch"},"content":{"rendered":"<p><span style=\"font-size: small;\">Der B\u00fcrgerstammtisch der CDU-Fischenich stellt mittlerweile eine etablierte Informationsplattform im Ortsteil Fischenich dar. <\/span><br \/>\n<span style=\"font-size: small;\">Hierbei werden die Fischenicher B\u00fcrgerinnen und B\u00fcrger regelm\u00e4\u00dfig eingeladen, um \u00fcber aktuelle Themen der H\u00fcrther Politik zu informieren, Probleme zu besprechen und Anregungen entgegen zu nehmen oder einfach nur, um sich \u201ebeim Bier\u201c besser kennen zu lernen.<\/span><\/p>\n<p>Folgende Themen waren bislang Gegenstand des Stammtischs und stehen zum Download bereit (PDF-Dokumente &#8211; bitte anklicken):<\/p>\n<p><strong><a href=\"https:\/\/fischenich.cdu-huerth.de\/wp-content\/uploads\/2024\/10\/20241016_Stammtisch.pdf\" target=\"_blank\" rel=\"noopener\">B\u00fcrgerstammtisch vom 16.10.2024<\/a><\/strong><\/p>\n<p><strong><a href=\"https:\/\/fischenich.cdu-huerth.de\/wp-content\/uploads\/2024\/10\/20240314_Stammtisch.pdf\" target=\"_blank\" rel=\"noopener\">B\u00fcrgerstammtisch 14.03.2024<\/a><\/strong><\/p>\n<p><strong><a href=\"https:\/\/fischenich.cdu-huerth.de\/wp-content\/uploads\/2023\/06\/230613_buergerstammtisch.pdf\">B\u00fcrgerstammtisch vom 13.06.2023<\/a><\/strong><\/p>\n<p><strong><a href=\"https:\/\/fischenich.cdu-huerth.de\/wp-content\/uploads\/2022\/04\/20220407-CDU-Fischenich-Stammtisch-Themen.pdf\" target=\"_blank\" rel=\"noopener\">B\u00fcrgerstammtisch vom 07.04.2022<\/a><\/strong><\/p>\n<p><a href=\"https:\/\/fischenich.cdu-huerth.de\/wp-content\/uploads\/2020\/05\/20200520CDU-Stammtisch-Themen.pdf\" target=\"_blank\" rel=\"noopener noreferrer\"><strong>Online-B\u00fcrgerstammtisch vom 20.05.2020<\/strong><\/a><\/p>\n<p><strong><a href=\"https:\/\/fischenich.cdu-huerth.de\/wp-content\/uploads\/2019\/09\/20190912CDU-Stammtisch-Themen.pdf\" target=\"_blank\" rel=\"noopener noreferrer\">B\u00fcrgerstammtisch vom 12.09.2019<\/a><\/strong><\/p>\n<p><strong><a href=\"https:\/\/fischenich.cdu-huerth.de\/wp-content\/uploads\/2019\/03\/20190328CDUStammtisch.pdf\" target=\"_blank\" rel=\"noopener noreferrer\">B\u00fcrgerstammtisch vom 28.03.2019<\/a><\/strong><\/p>\n<p><strong><a href=\"https:\/\/fischenich.cdu-huerth.de\/wp-content\/uploads\/2018\/09\/20180920_CDUStammtisch.pdf\" target=\"_blank\" rel=\"noopener noreferrer\">B\u00fcrgerstammtisch vom 20.09.2018<\/a><\/strong><\/p>\n<p><strong><a href=\"http:\/\/fischenich.cdu-huerth.de\/wp-content\/uploads\/2018\/03\/20180315CDU-StammtischThemen.pdf\" target=\"_blank\" rel=\"noopener noreferrer\">B\u00fcrgerstammtisch vom 15.03.2018<\/a><\/strong><\/p>\n<p><strong><a href=\"http:\/\/fischenich.cdu-huerth.de\/wp-content\/uploads\/2017\/12\/20170914CDU-Stammtisch-Themen.pdf\" target=\"_blank\" rel=\"noopener noreferrer\">B\u00fcrgerstammtisch vom 14.09.2017<\/a><\/strong><\/p>\n<p><strong><a href=\"http:\/\/fischenich.cdu-huerth.de\/wp-content\/uploads\/2017\/12\/20170427CDU-Stammtisch-Themen.pdf\" target=\"_blank\" rel=\"noopener noreferrer\">B\u00fcrgerstammtisch vom 27.04.2017<\/a><\/strong><\/p>\n<p><a href=\"http:\/\/fischenich.cdu-huerth.de\/wp-content\/uploads\/2017\/12\/17-03-03-B-265-n-Bauabschnitte.pdf\" target=\"_blank\" rel=\"noopener noreferrer\"><strong>Info\u00b4s B265n<\/strong><\/a><\/p>\n<p><strong><a href=\"http:\/\/fischenich.cdu-huerth.de\/wp-content\/uploads\/2017\/12\/20161124CDU-Stammtisch-Themen.pdf\" target=\"_blank\" rel=\"noopener noreferrer\">B\u00fcrgerstammtisch vom 24.11.2016<\/a><\/strong><\/p>\n<p><span style=\"color: #000080;\"><strong><a style=\"color: #000080;\" href=\"http:\/\/fischenich.cdu-huerth.de\/wp-content\/uploads\/2016\/03\/20160310CDU-Stammtisch-Themen.pdf\" target=\"_blank\" rel=\"noopener noreferrer\">B\u00fcrgerstammtisch vom 10.03.2016<\/a><\/strong><\/span><\/p>\n<p><span style=\"color: #000080;\"><strong><a style=\"color: #000080;\" href=\"http:\/\/fischenich.cdu-huerth.de\/wp-content\/uploads\/2014\/10\/20141023-CDU-Stammtisch-Themen.pdf\" target=\"_blank\" rel=\"noopener noreferrer\">B\u00fcrgerstammtisch vom 23.10.2014<\/a><\/strong><\/span><\/p>\n<p><span style=\"color: #333399;\"><strong><a style=\"color: #333399;\" href=\"http:\/\/fischenich.cdu-huerth.de\/wp-content\/uploads\/2014\/09\/20140612-CDU-Stammtisch-Themen.pdf\" target=\"_blank\" rel=\"noopener noreferrer\">B\u00fcrgerstammtisch vom 12.06.2014<\/a><\/strong><\/span><\/p>\n<p><span style=\"color: #000080;\"><strong><a href=\"http:\/\/fischenich.cdu-huerth.de\/wp-content\/uploads\/2014\/03\/20140306++CDU-Stammtisch-Themen.pdf\" target=\"_blank\" rel=\"noopener noreferrer\"><span style=\"color: #000080;\">B\u00fcrgerstammtisch vom 06.03.2014<\/span><\/a><\/strong><\/span><\/p>\n<p><span style=\"color: #000080;\"><strong><a href=\"http:\/\/fischenich.cdu-huerth.de\/wp-content\/uploads\/2013\/09\/20130919-CDU-Stammtisch-Themen.pdf\" target=\"_blank\" rel=\"noopener noreferrer\"><span style=\"color: #000080;\">B\u00fcrgerstammtisch vom 19.09.2013<\/span><\/a><\/strong><\/span><\/p>\n<p><span style=\"color: #000080;\"><strong><a href=\"http:\/\/fischenich.cdu-huerth.de\/wp-content\/uploads\/2013\/07\/20130606-CDU-Stammtisch-Themen.pdf\" target=\"_blank\" rel=\"noopener noreferrer\"><span style=\"color: #000080;\">B\u00fcrgerstammtisch vom 06.06.2013<\/span><\/a><\/strong><\/span><\/p>\n<p><span style=\"color: #000080;\"><strong><a href=\"http:\/\/fischenich.cdu-huerth.de\/wp-content\/uploads\/2012\/11\/20121122++CDU-Stammtisch-Themen-Kompatibilit\u00e4tsmodus.pdf\" target=\"_blank\" rel=\"noopener noreferrer\"><span style=\"color: #000080;\">B\u00fcrgerstammtisch vom 22.11.2012<\/span><\/a><\/strong><\/span><\/p>\n<p><strong><span style=\"color: #000080;\"><a href=\"http:\/\/fischenich.cdu-huerth.de\/wp-content\/uploads\/2012\/08\/Stammtisch-16.08.2012.pdf\" target=\"_blank\" rel=\"noopener noreferrer\"><span style=\"color: #000080;\">B\u00fcrgerstammtisch vom 16.08.2012<\/span><\/a><\/span><\/strong><\/p>\n<p><span style=\"color: #000080;\"><strong><a href=\"http:\/\/fischenich.cdu-huerth.de\/wp-content\/uploads\/2012\/05\/Stammtisch-16.05.2012.pdf\" target=\"_blank\" rel=\"noopener noreferrer\"><span style=\"color: #000080;\">B\u00fcrgerstammtisch vom 16.05.2012<\/span><\/a><\/strong><\/span><\/p>\n<p><span style=\"color: #000080;\"><strong><a href=\"http:\/\/fischenich.cdu-huerth.de\/wp-content\/uploads\/2012\/02\/Stammtisch-02.02.2012.pdf\" target=\"_blank\" rel=\"noopener noreferrer\"><span style=\"color: #000080;\">B\u00fcrgerstammtisch vom 02.02.2012<\/span><\/a><\/strong><\/span><\/p>\n<p><strong><span style=\"color: #000080;\"><a href=\"http:\/\/fischenich.cdu-huerth.de\/wp-content\/uploads\/2012\/02\/Stammtisch-22.09.2011.pdf\" target=\"_blank\" rel=\"noopener noreferrer\"><span style=\"color: #000080;\">B\u00fcrgerstammtisch vom 22.09.2011<\/span><\/a><\/span><\/strong><\/p>\n<div class=\"facebook_like_button\" style=\"float: right; margin-left: 10px;\"><iframe src=\"http:\/\/www.facebook.com\/plugins\/like.php?href=https%3A%2F%2Ffischenich.cdu-huerth.de%2F%3Fpage_id%3D21&amp;layout=standard&amp;show_faces=false&amp;action=like&amp;colorscheme=light&amp;width=450\" scrolling=\"no\" frameborder=\"0\" allowTransparency=\"true\" style=\"border:none; overflow:hidden; width:450px; height:40px\"><\/iframe><\/div>\n","protected":false},"excerpt":{"rendered":"<p>Der B\u00fcrgerstammtisch der CDU-Fischenich stellt mittlerweile eine etablierte Informationsplattform im Ortsteil Fischenich dar. Hierbei werden die Fischenicher B\u00fcrgerinnen und B\u00fcrger regelm\u00e4\u00dfig eingeladen, um \u00fcber aktuelle Themen der H\u00fcrther Politik zu informieren, Probleme zu besprechen und Anregungen entgegen zu nehmen oder einfach nur, um sich \u201ebeim Bier\u201c besser kennen zu lernen. Folgende Themen waren bislang Gegenstand &hellip; <\/p>\n<p><a class=\"more-link btn\" href=\"https:\/\/fischenich.cdu-huerth.de\/?page_id=21\">Weiterlesen<\/a><\/p>\n","protected":false},"author":6,"featured_media":0,"parent":0,"menu_order":3,"comment_status":"closed","ping_status":"open","template":"template-twocolumnsleft.php","meta":{"ngg_post_thumbnail":0,"jetpack_post_was_ever_published":false,"footnotes":""},"class_list":["post-21","page","type-page","status-publish","hentry","nodate","item-wrap"],"aioseo_notices":[],"jetpack_sharing_enabled":true,"jetpack_shortlink":"https:\/\/wp.me\/Paa5yn-l","publishpress_future_action":{"enabled":false,"date":"2026-04-21 14:38:27","action":"change-status","newStatus":"draft","terms":[],"taxonomy":"","extraData":[]},"publishpress_future_workflow_manual_trigger":{"enabledWorkflows":[]},"_links":{"self":[{"href":"https:\/\/fischenich.cdu-huerth.de\/index.php?rest_route=\/wp\/v2\/pages\/21","targetHints":{"allow":["GET"]}}],"collection":[{"href":"https:\/\/fischenich.cdu-huerth.de\/index.php?rest_route=\/wp\/v2\/pages"}],"about":[{"href":"https:\/\/fischenich.cdu-huerth.de\/index.php?rest_route=\/wp\/v2\/types\/page"}],"author":[{"embeddable":true,"href":"https:\/\/fischenich.cdu-huerth.de\/index.php?rest_route=\/wp\/v2\/users\/6"}],"replies":[{"embeddable":true,"href":"https:\/\/fischenich.cdu-huerth.de\/index.php?rest_route=%2Fwp%2Fv2%2Fcomments&post=21"}],"version-history":[{"count":10,"href":"https:\/\/fischenich.cdu-huerth.de\/index.php?rest_route=\/wp\/v2\/pages\/21\/revisions"}],"predecessor-version":[{"id":1529,"href":"https:\/\/fischenich.cdu-huerth.de\/index.php?rest_route=\/wp\/v2\/pages\/21\/revisions\/1529"}],"wp:attachment":[{"href":"https:\/\/fischenich.cdu-huerth.de\/index.php?rest_route=%2Fwp%2Fv2%2Fmedia&parent=21"}],"curies":[{"name":"wp","href":"https:\/\/api.w.org\/{rel}","templated":true}]}}